{"id":2351,"date":"2024-10-16T17:50:22","date_gmt":"2024-10-16T15:50:22","guid":{"rendered":"https:\/\/harrybauer.com\/?page_id=2351"},"modified":"2025-02-25T15:14:42","modified_gmt":"2025-02-25T14:14:42","slug":"atelier","status":"publish","type":"page","link":"https:\/\/harrybauer.com\/en\/atelier\/","title":{"rendered":"Studio"},"content":{"rendered":"<div data-elementor-type=\"wp-page\" data-elementor-id=\"2351\" class=\"elementor elementor-2351\" data-elementor-post-type=\"page\">\n\t\t\t\t<div class=\"elementor-element elementor-element-72b996e e-flex e-con-boxed e-con e-parent\" data-id=\"72b996e\" data-element_type=\"container\" data-e-type=\"container\" data-settings=\"{&quot;background_background&quot;:&quot;classic&quot;}\">\n\t\t\t\t\t<div class=\"e-con-inner\">\n\t\t\t\t\t<\/div>\n\t\t\t\t<\/div>\n\t\t<div class=\"elementor-element elementor-element-67b47082 e-con-full e-flex e-con e-parent\" data-id=\"67b47082\" data-element_type=\"container\" data-e-type=\"container\" data-settings=\"{&quot;background_background&quot;:&quot;classic&quot;}\">\n\t\t<div class=\"elementor-element elementor-element-43002a38 e-con-full e-flex e-con e-child\" data-id=\"43002a38\" data-element_type=\"container\" data-e-type=\"container\">\n\t\t\t\t<div class=\"elementor-element elementor-element-7b661e7 elementor-widget elementor-widget-heading\" data-id=\"7b661e7\" data-element_type=\"widget\" data-e-type=\"widget\" data-widget_type=\"heading.default\">\n\t\t\t\t<div class=\"elementor-widget-container\">\n\t\t\t\t\t<h1 class=\"elementor-heading-title elementor-size-default\">The Studio<\/h1>\t\t\t\t<\/div>\n\t\t\t\t<\/div>\n\t\t\t\t<div class=\"elementor-element elementor-element-77398d78 elementor-widget elementor-widget-text-editor\" data-id=\"77398d78\" data-element_type=\"widget\" data-e-type=\"widget\" data-widget_type=\"text-editor.default\">\n\t\t\t\t<div class=\"elementor-widget-container\">\n\t\t\t\t\t\t\t\t\t<p>The light breaking into the studio from outside, and the light that exists within \u2013 it is this light that inspires me. Energy flows from the chaos of brushes, paints, boxes, sketchpads, an assortment of tools, and cherished souvenirs.<\/p>\t\t\t\t\t\t\t\t<\/div>\n\t\t\t\t<\/div>\n\t\t\t\t<\/div>\n\t\t\t\t<div class=\"elementor-element elementor-element-8c973f9 elementor-widget__width-initial elementor-widget elementor-widget-image\" data-id=\"8c973f9\" data-element_type=\"widget\" data-e-type=\"widget\" data-widget_type=\"image.default\">\n\t\t\t\t<div class=\"elementor-widget-container\">\n\t\t\t\t\t\t\t\t\t\t\t\t\t\t\t<img fetchpriority=\"high\" decoding=\"async\" width=\"800\" height=\"534\" src=\"https:\/\/harrybauer.com\/wp-content\/uploads\/2024\/10\/harry-bauer-malerei-kuenstler-deggendorf-atelier-2ret-1024x683.jpg\" class=\"attachment-large size-large wp-image-2617\" alt=\"\" srcset=\"https:\/\/harrybauer.com\/wp-content\/uploads\/2024\/10\/harry-bauer-malerei-kuenstler-deggendorf-atelier-2ret-1024x683.jpg 1024w, https:\/\/harrybauer.com\/wp-content\/uploads\/2024\/10\/harry-bauer-malerei-kuenstler-deggendorf-atelier-2ret-300x200.jpg 300w, https:\/\/harrybauer.com\/wp-content\/uploads\/2024\/10\/harry-bauer-malerei-kuenstler-deggendorf-atelier-2ret-768x512.jpg 768w, https:\/\/harrybauer.com\/wp-content\/uploads\/2024\/10\/harry-bauer-malerei-kuenstler-deggendorf-atelier-2ret-1536x1024.jpg 1536w, https:\/\/harrybauer.com\/wp-content\/uploads\/2024\/10\/harry-bauer-malerei-kuenstler-deggendorf-atelier-2ret-18x12.jpg 18w, https:\/\/harrybauer.com\/wp-content\/uploads\/2024\/10\/harry-bauer-malerei-kuenstler-deggendorf-atelier-2ret.jpg 1950w\" sizes=\"(max-width: 800px) 100vw, 800px\" \/>\t\t\t\t\t\t\t\t\t\t\t\t\t\t\t<\/div>\n\t\t\t\t<\/div>\n\t\t\t\t<\/div>\n\t\t<div class=\"elementor-element elementor-element-e0f8b98 e-con-full e-flex e-con e-parent\" data-id=\"e0f8b98\" data-element_type=\"container\" data-e-type=\"container\" data-settings=\"{&quot;background_background&quot;:&quot;classic&quot;}\">\n\t\t\t\t<div class=\"elementor-element elementor-element-06f6abc elementor-widget__width-initial elementor-widget elementor-widget-image\" data-id=\"06f6abc\" data-element_type=\"widget\" data-e-type=\"widget\" data-widget_type=\"image.default\">\n\t\t\t\t<div class=\"elementor-widget-container\">\n\t\t\t\t\t\t\t\t\t\t\t\t\t\t\t<img decoding=\"async\" width=\"800\" height=\"518\" src=\"https:\/\/harrybauer.com\/wp-content\/uploads\/2024\/10\/harry-bauer-atelier-2-1024x663.jpg\" class=\"attachment-large size-large wp-image-2595\" alt=\"\" srcset=\"https:\/\/harrybauer.com\/wp-content\/uploads\/2024\/10\/harry-bauer-atelier-2-1024x663.jpg 1024w, https:\/\/harrybauer.com\/wp-content\/uploads\/2024\/10\/harry-bauer-atelier-2-300x194.jpg 300w, https:\/\/harrybauer.com\/wp-content\/uploads\/2024\/10\/harry-bauer-atelier-2-768x497.jpg 768w, https:\/\/harrybauer.com\/wp-content\/uploads\/2024\/10\/harry-bauer-atelier-2-1536x995.jpg 1536w, https:\/\/harrybauer.com\/wp-content\/uploads\/2024\/10\/harry-bauer-atelier-2-18x12.jpg 18w, https:\/\/harrybauer.com\/wp-content\/uploads\/2024\/10\/harry-bauer-atelier-2.jpg 2000w\" sizes=\"(max-width: 800px) 100vw, 800px\" \/>\t\t\t\t\t\t\t\t\t\t\t\t\t\t\t<\/div>\n\t\t\t\t<\/div>\n\t\t\t\t<div class=\"elementor-element elementor-element-2f3e023 elementor-widget__width-initial elementor-widget elementor-widget-image\" data-id=\"2f3e023\" data-element_type=\"widget\" data-e-type=\"widget\" data-widget_type=\"image.default\">\n\t\t\t\t<div class=\"elementor-widget-container\">\n\t\t\t\t\t\t\t\t\t\t\t\t\t\t\t<img decoding=\"async\" width=\"800\" height=\"534\" src=\"https:\/\/harrybauer.com\/wp-content\/uploads\/2024\/03\/harry-bauer-malerei-kuenstler-deggendorf-36-1024x683.jpg\" class=\"attachment-large size-large wp-image-420\" alt=\"Hier sieht man eine schwarz-wei\u00df Aufnahme von einem Gem\u00e4lde, an dem Maler Harry Bauer aus Deggendorf gerade arbeitet.\" srcset=\"https:\/\/harrybauer.com\/wp-content\/uploads\/2024\/03\/harry-bauer-malerei-kuenstler-deggendorf-36-1024x683.jpg 1024w, https:\/\/harrybauer.com\/wp-content\/uploads\/2024\/03\/harry-bauer-malerei-kuenstler-deggendorf-36-300x200.jpg 300w, https:\/\/harrybauer.com\/wp-content\/uploads\/2024\/03\/harry-bauer-malerei-kuenstler-deggendorf-36-768x512.jpg 768w, https:\/\/harrybauer.com\/wp-content\/uploads\/2024\/03\/harry-bauer-malerei-kuenstler-deggendorf-36-1536x1024.jpg 1536w, https:\/\/harrybauer.com\/wp-content\/uploads\/2024\/03\/harry-bauer-malerei-kuenstler-deggendorf-36.jpg 1920w\" sizes=\"(max-width: 800px) 100vw, 800px\" \/>\t\t\t\t\t\t\t\t\t\t\t\t\t\t\t<\/div>\n\t\t\t\t<\/div>\n\t\t\t\t<div class=\"elementor-element elementor-element-bf0af5f elementor-widget__width-initial elementor-widget-mobile__width-inherit elementor-widget elementor-widget-image\" data-id=\"bf0af5f\" data-element_type=\"widget\" data-e-type=\"widget\" data-widget_type=\"image.default\">\n\t\t\t\t<div class=\"elementor-widget-container\">\n\t\t\t\t\t\t\t\t\t\t\t\t\t\t\t<img loading=\"lazy\" decoding=\"async\" width=\"800\" height=\"534\" src=\"https:\/\/harrybauer.com\/wp-content\/uploads\/2024\/10\/harry-bauer-malerei-kuenstler-deggendorf-atelier-8908-1024x683.jpg\" class=\"attachment-large size-large wp-image-2326\" alt=\"\" srcset=\"https:\/\/harrybauer.com\/wp-content\/uploads\/2024\/10\/harry-bauer-malerei-kuenstler-deggendorf-atelier-8908-1024x683.jpg 1024w, https:\/\/harrybauer.com\/wp-content\/uploads\/2024\/10\/harry-bauer-malerei-kuenstler-deggendorf-atelier-8908-300x200.jpg 300w, https:\/\/harrybauer.com\/wp-content\/uploads\/2024\/10\/harry-bauer-malerei-kuenstler-deggendorf-atelier-8908-768x512.jpg 768w, https:\/\/harrybauer.com\/wp-content\/uploads\/2024\/10\/harry-bauer-malerei-kuenstler-deggendorf-atelier-8908-1536x1024.jpg 1536w, https:\/\/harrybauer.com\/wp-content\/uploads\/2024\/10\/harry-bauer-malerei-kuenstler-deggendorf-atelier-8908-18x12.jpg 18w, https:\/\/harrybauer.com\/wp-content\/uploads\/2024\/10\/harry-bauer-malerei-kuenstler-deggendorf-atelier-8908.jpg 1950w\" sizes=\"(max-width: 800px) 100vw, 800px\" \/>\t\t\t\t\t\t\t\t\t\t\t\t\t\t\t<\/div>\n\t\t\t\t<\/div>\n\t\t\t\t<\/div>\n\t\t<div class=\"elementor-element elementor-element-6608cb1 e-con-full e-flex e-con e-parent\" data-id=\"6608cb1\" data-element_type=\"container\" data-e-type=\"container\">\n\t\t<div class=\"elementor-element elementor-element-f9b97a1 e-con-full e-flex e-con e-child\" data-id=\"f9b97a1\" data-element_type=\"container\" data-e-type=\"container\">\n\t\t\t\t<div class=\"elementor-element elementor-element-783e00d elementor-widget__width-initial elementor-widget-mobile__width-inherit elementor-widget elementor-widget-image\" data-id=\"783e00d\" data-element_type=\"widget\" data-e-type=\"widget\" data-widget_type=\"image.default\">\n\t\t\t\t<div class=\"elementor-widget-container\">\n\t\t\t\t\t\t\t\t\t\t\t\t\t\t\t<img loading=\"lazy\" decoding=\"async\" width=\"861\" height=\"1071\" src=\"https:\/\/harrybauer.com\/wp-content\/uploads\/2024\/10\/harry-bauer-new-entry-9006-ausschnitt2.jpg\" class=\"attachment-full size-full wp-image-2661\" alt=\"\" srcset=\"https:\/\/harrybauer.com\/wp-content\/uploads\/2024\/10\/harry-bauer-new-entry-9006-ausschnitt2.jpg 861w, https:\/\/harrybauer.com\/wp-content\/uploads\/2024\/10\/harry-bauer-new-entry-9006-ausschnitt2-241x300.jpg 241w, https:\/\/harrybauer.com\/wp-content\/uploads\/2024\/10\/harry-bauer-new-entry-9006-ausschnitt2-823x1024.jpg 823w, https:\/\/harrybauer.com\/wp-content\/uploads\/2024\/10\/harry-bauer-new-entry-9006-ausschnitt2-768x955.jpg 768w, https:\/\/harrybauer.com\/wp-content\/uploads\/2024\/10\/harry-bauer-new-entry-9006-ausschnitt2-10x12.jpg 10w\" sizes=\"(max-width: 861px) 100vw, 861px\" \/>\t\t\t\t\t\t\t\t\t\t\t\t\t\t\t<\/div>\n\t\t\t\t<\/div>\n\t\t\t\t<\/div>\n\t\t<div class=\"elementor-element elementor-element-7d4db4a e-con-full e-flex e-con e-child\" data-id=\"7d4db4a\" data-element_type=\"container\" data-e-type=\"container\">\n\t\t\t\t<div class=\"elementor-element elementor-element-e91c51d elementor-widget__width-initial elementor-widget elementor-widget-text-editor\" data-id=\"e91c51d\" data-element_type=\"widget\" data-e-type=\"widget\" data-widget_type=\"text-editor.default\">\n\t\t\t\t<div class=\"elementor-widget-container\">\n\t\t\t\t\t\t\t\t\t<p>I embrace the challenge of the blank canvas, absorbing the play of shadows on the white. The fear is gone. It can begin \u2013 the game with pigments, materials, textures, with rust, iron, and the deepest black: bitumen.<\/p><p>Time no longer matters. I can work here without interruption, in a creative flow until exhaustion. For it is an ongoing battle of colors and shapes, of contradiction and clarity, of harmony and aggression, of provocation and letting go, of release. A new piece emerges, along with the understanding of harmony or deliberate nonconformity.<\/p><p>The studio lives and breathes with everyone who enters. It evolves with every conversation that takes place. My studio is a space that shapes and influences the creative process. It is my world, but one that remains open to all.<\/p>\t\t\t\t\t\t\t\t<\/div>\n\t\t\t\t<\/div>\n\t\t\t\t<div class=\"elementor-element elementor-element-36bb539 elementor-mobile-align-center elementor-align-left elementor-widget elementor-widget-button\" data-id=\"36bb539\" data-element_type=\"widget\" data-e-type=\"widget\" data-widget_type=\"button.default\">\n\t\t\t\t<div class=\"elementor-widget-container\">\n\t\t\t\t\t\t\t\t\t<div class=\"elementor-button-wrapper\">\n\t\t\t\t\t<a class=\"elementor-button elementor-button-link elementor-size-sm elementor-animation-grow\" href=\"https:\/\/harrybauer.com\/en\/news\/\">\n\t\t\t\t\t\t<span class=\"elementor-button-content-wrapper\">\n\t\t\t\t\t\t\t\t\t<span class=\"elementor-button-text\">Entdecken Sie News &amp; Events aus dem Atelier &gt;<\/span>\n\t\t\t\t\t<\/span>\n\t\t\t\t\t<\/a>\n\t\t\t\t<\/div>\n\t\t\t\t\t\t\t\t<\/div>\n\t\t\t\t<\/div>\n\t\t\t\t<\/div>\n\t\t\t\t<\/div>\n\t\t<div class=\"elementor-element elementor-element-574e4c9 e-con-full e-flex e-con e-parent\" data-id=\"574e4c9\" data-element_type=\"container\" data-e-type=\"container\" data-settings=\"{&quot;background_background&quot;:&quot;classic&quot;}\">\n\t\t\t\t<div class=\"elementor-element elementor-element-cd23172 elementor-widget elementor-widget-heading\" data-id=\"cd23172\" data-element_type=\"widget\" data-e-type=\"widget\" data-widget_type=\"heading.default\">\n\t\t\t\t<div class=\"elementor-widget-container\">\n\t\t\t\t\t<h3 class=\"elementor-heading-title elementor-size-default\">Get inspired<\/h3>\t\t\t\t<\/div>\n\t\t\t\t<\/div>\n\t\t\t\t<div class=\"elementor-element elementor-element-4ab721a elementor-mobile-align-center elementor-align-left elementor-widget elementor-widget-button\" data-id=\"4ab721a\" data-element_type=\"widget\" data-e-type=\"widget\" data-widget_type=\"button.default\">\n\t\t\t\t<div class=\"elementor-widget-container\">\n\t\t\t\t\t\t\t\t\t<div class=\"elementor-button-wrapper\">\n\t\t\t\t\t<a class=\"elementor-button elementor-button-link elementor-size-sm elementor-animation-grow\" href=\"https:\/\/harrybauer.com\/en\/galerie\/\">\n\t\t\t\t\t\t<span class=\"elementor-button-content-wrapper\">\n\t\t\t\t\t\t\t\t\t<span class=\"elementor-button-text\">Zur Galerie &gt;<\/span>\n\t\t\t\t\t<\/span>\n\t\t\t\t\t<\/a>\n\t\t\t\t<\/div>\n\t\t\t\t\t\t\t\t<\/div>\n\t\t\t\t<\/div>\n\t\t\t\t<\/div>\n\t\t<div class=\"elementor-element elementor-element-beac7ad e-con-full e-flex e-con e-parent\" data-id=\"beac7ad\" data-element_type=\"container\" data-e-type=\"container\" data-settings=\"{&quot;background_background&quot;:&quot;classic&quot;}\">\n\t\t\t\t<\/div>\n\t\t\t\t<\/div>","protected":false},"excerpt":{"rendered":"<p>Das Atelier Das Licht, das von drau\u00dfen in das Atelier bricht, und das Licht, das innen herrscht, das Licht also ist es, das mich inspiriert. Energie str\u00f6mt aus der Unordnung von Pinseln, Farben, Schachteln, Skizzenbl\u00f6cken, allerhand Werkzeug und aus lieb gewordenen Souvenirs. Ich nehme die Herausforderung der leeren Leinwand an, sauge die Schattenspiele auf dem [&hellip;]<\/p>\n","protected":false},"author":1,"featured_media":402,"parent":0,"menu_order":0,"comment_status":"closed","ping_status":"closed","template":"","meta":{"_seopress_robots_primary_cat":"","_seopress_titles_title":"Harry Bauer Deggendorf | Atelier","_seopress_titles_desc":"Entdecke das Atelier und die Kunst des Deggendorfer K\u00fcnstlers Harry Bauer.","_seopress_robots_index":"","footnotes":""},"class_list":["post-2351","page","type-page","status-publish","has-post-thumbnail","hentry"],"_links":{"self":[{"href":"https:\/\/harrybauer.com\/en\/wp-json\/wp\/v2\/pages\/2351","targetHints":{"allow":["GET"]}}],"collection":[{"href":"https:\/\/harrybauer.com\/en\/wp-json\/wp\/v2\/pages"}],"about":[{"href":"https:\/\/harrybauer.com\/en\/wp-json\/wp\/v2\/types\/page"}],"author":[{"embeddable":true,"href":"https:\/\/harrybauer.com\/en\/wp-json\/wp\/v2\/users\/1"}],"replies":[{"embeddable":true,"href":"https:\/\/harrybauer.com\/en\/wp-json\/wp\/v2\/comments?post=2351"}],"version-history":[{"count":10,"href":"https:\/\/harrybauer.com\/en\/wp-json\/wp\/v2\/pages\/2351\/revisions"}],"predecessor-version":[{"id":3218,"href":"https:\/\/harrybauer.com\/en\/wp-json\/wp\/v2\/pages\/2351\/revisions\/3218"}],"wp:featuredmedia":[{"embeddable":true,"href":"https:\/\/harrybauer.com\/en\/wp-json\/wp\/v2\/media\/402"}],"wp:attachment":[{"href":"https:\/\/harrybauer.com\/en\/wp-json\/wp\/v2\/media?parent=2351"}],"curies":[{"name":"wp","href":"https:\/\/api.w.org\/{rel}","templated":true}]}}