{"id":3052,"date":"2025-02-06T13:28:13","date_gmt":"2025-02-06T12:28:13","guid":{"rendered":"https:\/\/harrybauer.com\/?page_id=3052"},"modified":"2025-11-15T09:21:23","modified_gmt":"2025-11-15T08:21:23","slug":"news","status":"publish","type":"page","link":"https:\/\/harrybauer.com\/en\/news\/","title":{"rendered":"News"},"content":{"rendered":"<div data-elementor-type=\"wp-page\" data-elementor-id=\"3052\" class=\"elementor elementor-3052\" data-elementor-post-type=\"page\">\n\t\t\t\t<div class=\"elementor-element elementor-element-72b996e e-flex e-con-boxed e-con e-parent\" data-id=\"72b996e\" data-element_type=\"container\" data-e-type=\"container\" data-settings=\"{&quot;background_background&quot;:&quot;classic&quot;}\">\n\t\t\t\t\t<div class=\"e-con-inner\">\n\t\t\t\t\t<\/div>\n\t\t\t\t<\/div>\n\t\t<div class=\"elementor-element elementor-element-7d3c493 e-flex e-con-boxed e-con e-parent\" data-id=\"7d3c493\" data-element_type=\"container\" data-e-type=\"container\">\n\t\t\t\t\t<div class=\"e-con-inner\">\n\t\t\t\t<div class=\"elementor-element elementor-element-abaef7c elementor-invisible elementor-widget elementor-widget-heading\" data-id=\"abaef7c\" data-element_type=\"widget\" data-e-type=\"widget\" data-settings=\"{&quot;_animation&quot;:&quot;fadeInUp&quot;,&quot;_animation_delay&quot;:200}\" data-widget_type=\"heading.default\">\n\t\t\t\t<div class=\"elementor-widget-container\">\n\t\t\t\t\t<h1 class=\"elementor-heading-title elementor-size-default\">News<br>&amp;<br>Events<\/h1>\t\t\t\t<\/div>\n\t\t\t\t<\/div>\n\t\t\t\t\t<\/div>\n\t\t\t\t<\/div>\n\t\t<div class=\"elementor-element elementor-element-a0cd6f2 e-flex e-con-boxed e-con e-parent\" data-id=\"a0cd6f2\" data-element_type=\"container\" data-e-type=\"container\">\n\t\t\t\t\t<div class=\"e-con-inner\">\n\t\t\t\t<div class=\"elementor-element elementor-element-2bf151d elementor-posts__hover-none elementor-grid-3 elementor-grid-tablet-2 elementor-grid-mobile-1 elementor-posts--thumbnail-top elementor-card-shadow-yes elementor-widget elementor-widget-posts\" data-id=\"2bf151d\" data-element_type=\"widget\" data-e-type=\"widget\" data-settings=\"{&quot;cards_columns&quot;:&quot;3&quot;,&quot;cards_columns_tablet&quot;:&quot;2&quot;,&quot;cards_columns_mobile&quot;:&quot;1&quot;,&quot;cards_row_gap&quot;:{&quot;unit&quot;:&quot;px&quot;,&quot;size&quot;:35,&quot;sizes&quot;:[]},&quot;cards_row_gap_tablet&quot;:{&quot;unit&quot;:&quot;px&quot;,&quot;size&quot;:&quot;&quot;,&quot;sizes&quot;:[]},&quot;cards_row_gap_mobile&quot;:{&quot;unit&quot;:&quot;px&quot;,&quot;size&quot;:&quot;&quot;,&quot;sizes&quot;:[]}}\" data-widget_type=\"posts.cards\">\n\t\t\t\t<div class=\"elementor-widget-container\">\n\t\t\t\t\t\t\t<div class=\"elementor-posts-container elementor-posts elementor-posts--skin-cards elementor-grid\" role=\"list\">\n\t\t\t\t<article class=\"elementor-post elementor-grid-item post-4837 post type-post status-publish format-standard has-post-thumbnail hentry category-event\" role=\"listitem\">\n\t\t\t<div class=\"elementor-post__card\">\n\t\t\t\t<a class=\"elementor-post__thumbnail__link\" href=\"https:\/\/harrybauer.com\/en\/save-the-date-discovery-art-fair-koln-april-2026\/\" tabindex=\"-1\" ><div class=\"elementor-post__thumbnail\"><img fetchpriority=\"high\" decoding=\"async\" width=\"768\" height=\"1024\" src=\"https:\/\/harrybauer.com\/wp-content\/uploads\/2026\/03\/harrybauer-cologne-discovery-art-fair2026-768x1024.jpg\" class=\"attachment-large size-large wp-image-4842\" alt=\"\" srcset=\"https:\/\/harrybauer.com\/wp-content\/uploads\/2026\/03\/harrybauer-cologne-discovery-art-fair2026-768x1024.jpg 768w, https:\/\/harrybauer.com\/wp-content\/uploads\/2026\/03\/harrybauer-cologne-discovery-art-fair2026-225x300.jpg 225w, https:\/\/harrybauer.com\/wp-content\/uploads\/2026\/03\/harrybauer-cologne-discovery-art-fair2026-9x12.jpg 9w, https:\/\/harrybauer.com\/wp-content\/uploads\/2026\/03\/harrybauer-cologne-discovery-art-fair2026.jpg 1080w\" sizes=\"(max-width: 768px) 100vw, 768px\" \/><\/div><\/a>\n\t\t\t\t<div class=\"elementor-post__badge\">Event<\/div>\n\t\t\t\t<div class=\"elementor-post__text\">\n\t\t\t\t<h3 class=\"elementor-post__title\">\n\t\t\t<a href=\"https:\/\/harrybauer.com\/en\/save-the-date-discovery-art-fair-koln-april-2026\/\" >\n\t\t\t\tSave the Date: DISCOVERY ART FAIR K\u00d6LN April 2026\t\t\t<\/a>\n\t\t<\/h3>\n\t\t\t\t<\/div>\n\t\t\t\t\t<\/div>\n\t\t<\/article>\n\t\t\t\t<article class=\"elementor-post elementor-grid-item post-4650 post type-post status-publish format-standard has-post-thumbnail hentry category-event\" role=\"listitem\">\n\t\t\t<div class=\"elementor-post__card\">\n\t\t\t\t<a class=\"elementor-post__thumbnail__link\" href=\"https:\/\/harrybauer.com\/en\/rueckblick-little-treasures-bologna-2025\/\" tabindex=\"-1\" ><div class=\"elementor-post__thumbnail\"><img decoding=\"async\" width=\"576\" height=\"1024\" src=\"https:\/\/harrybauer.com\/wp-content\/uploads\/2025\/11\/harry-bauer-art-bologna-little-treasures-2-576x1024.webp\" class=\"attachment-large size-large wp-image-4652\" alt=\"\" srcset=\"https:\/\/harrybauer.com\/wp-content\/uploads\/2025\/11\/harry-bauer-art-bologna-little-treasures-2-576x1024.webp 576w, https:\/\/harrybauer.com\/wp-content\/uploads\/2025\/11\/harry-bauer-art-bologna-little-treasures-2-169x300.webp 169w, https:\/\/harrybauer.com\/wp-content\/uploads\/2025\/11\/harry-bauer-art-bologna-little-treasures-2-768x1365.webp 768w, https:\/\/harrybauer.com\/wp-content\/uploads\/2025\/11\/harry-bauer-art-bologna-little-treasures-2-864x1536.webp 864w, https:\/\/harrybauer.com\/wp-content\/uploads\/2025\/11\/harry-bauer-art-bologna-little-treasures-2-1152x2048.webp 1152w, https:\/\/harrybauer.com\/wp-content\/uploads\/2025\/11\/harry-bauer-art-bologna-little-treasures-2-7x12.webp 7w, https:\/\/harrybauer.com\/wp-content\/uploads\/2025\/11\/harry-bauer-art-bologna-little-treasures-2-scaled.webp 1440w\" sizes=\"(max-width: 576px) 100vw, 576px\" \/><\/div><\/a>\n\t\t\t\t<div class=\"elementor-post__badge\">Event<\/div>\n\t\t\t\t<div class=\"elementor-post__text\">\n\t\t\t\t<h3 class=\"elementor-post__title\">\n\t\t\t<a href=\"https:\/\/harrybauer.com\/en\/rueckblick-little-treasures-bologna-2025\/\" >\n\t\t\t\tR\u00fcckblick: &#8222;LITTLE TREASURES&#8220; Bologna 2025\t\t\t<\/a>\n\t\t<\/h3>\n\t\t\t\t<\/div>\n\t\t\t\t\t<\/div>\n\t\t<\/article>\n\t\t\t\t<article class=\"elementor-post elementor-grid-item post-4590 post type-post status-publish format-standard has-post-thumbnail hentry category-event\" role=\"listitem\">\n\t\t\t<div class=\"elementor-post__card\">\n\t\t\t\t<a class=\"elementor-post__thumbnail__link\" href=\"https:\/\/harrybauer.com\/en\/save-the-date-bologna-november-2025\/\" tabindex=\"-1\" ><div class=\"elementor-post__thumbnail\"><img decoding=\"async\" width=\"800\" height=\"800\" src=\"https:\/\/harrybauer.com\/wp-content\/uploads\/2025\/11\/harrybauer-kuenstler-art-exhibition-bologna-LITTLETREASURES-2025-2-1024x1024.webp\" class=\"attachment-large size-large wp-image-4591\" alt=\"\" srcset=\"https:\/\/harrybauer.com\/wp-content\/uploads\/2025\/11\/harrybauer-kuenstler-art-exhibition-bologna-LITTLETREASURES-2025-2-1024x1024.webp 1024w, https:\/\/harrybauer.com\/wp-content\/uploads\/2025\/11\/harrybauer-kuenstler-art-exhibition-bologna-LITTLETREASURES-2025-2-300x300.webp 300w, https:\/\/harrybauer.com\/wp-content\/uploads\/2025\/11\/harrybauer-kuenstler-art-exhibition-bologna-LITTLETREASURES-2025-2-150x150.webp 150w, https:\/\/harrybauer.com\/wp-content\/uploads\/2025\/11\/harrybauer-kuenstler-art-exhibition-bologna-LITTLETREASURES-2025-2-768x768.webp 768w, https:\/\/harrybauer.com\/wp-content\/uploads\/2025\/11\/harrybauer-kuenstler-art-exhibition-bologna-LITTLETREASURES-2025-2-1536x1536.webp 1536w, https:\/\/harrybauer.com\/wp-content\/uploads\/2025\/11\/harrybauer-kuenstler-art-exhibition-bologna-LITTLETREASURES-2025-2-12x12.webp 12w, https:\/\/harrybauer.com\/wp-content\/uploads\/2025\/11\/harrybauer-kuenstler-art-exhibition-bologna-LITTLETREASURES-2025-2.webp 1980w\" sizes=\"(max-width: 800px) 100vw, 800px\" \/><\/div><\/a>\n\t\t\t\t<div class=\"elementor-post__badge\">Event<\/div>\n\t\t\t\t<div class=\"elementor-post__text\">\n\t\t\t\t<h3 class=\"elementor-post__title\">\n\t\t\t<a href=\"https:\/\/harrybauer.com\/en\/save-the-date-bologna-november-2025\/\" >\n\t\t\t\tSave the Date: BOLOGNA NOVEMBER 2025\t\t\t<\/a>\n\t\t<\/h3>\n\t\t\t\t<\/div>\n\t\t\t\t\t<\/div>\n\t\t<\/article>\n\t\t\t\t<article class=\"elementor-post elementor-grid-item post-4582 post type-post status-publish format-standard has-post-thumbnail hentry category-event\" role=\"listitem\">\n\t\t\t<div class=\"elementor-post__card\">\n\t\t\t\t<a class=\"elementor-post__thumbnail__link\" href=\"https:\/\/harrybauer.com\/en\/rueckblick-daf-2025\/\" tabindex=\"-1\" ><div class=\"elementor-post__thumbnail\"><img loading=\"lazy\" decoding=\"async\" width=\"800\" height=\"657\" src=\"https:\/\/harrybauer.com\/wp-content\/uploads\/2025\/11\/harrybauer-kuenstler-art-exhibition-daf-2025-1024x841.webp\" class=\"attachment-large size-large wp-image-4584\" alt=\"\" srcset=\"https:\/\/harrybauer.com\/wp-content\/uploads\/2025\/11\/harrybauer-kuenstler-art-exhibition-daf-2025-1024x841.webp 1024w, https:\/\/harrybauer.com\/wp-content\/uploads\/2025\/11\/harrybauer-kuenstler-art-exhibition-daf-2025-300x246.webp 300w, https:\/\/harrybauer.com\/wp-content\/uploads\/2025\/11\/harrybauer-kuenstler-art-exhibition-daf-2025-768x631.webp 768w, https:\/\/harrybauer.com\/wp-content\/uploads\/2025\/11\/harrybauer-kuenstler-art-exhibition-daf-2025-1536x1261.webp 1536w, https:\/\/harrybauer.com\/wp-content\/uploads\/2025\/11\/harrybauer-kuenstler-art-exhibition-daf-2025-15x12.webp 15w, https:\/\/harrybauer.com\/wp-content\/uploads\/2025\/11\/harrybauer-kuenstler-art-exhibition-daf-2025.webp 1980w\" sizes=\"(max-width: 800px) 100vw, 800px\" \/><\/div><\/a>\n\t\t\t\t<div class=\"elementor-post__badge\">Event<\/div>\n\t\t\t\t<div class=\"elementor-post__text\">\n\t\t\t\t<h3 class=\"elementor-post__title\">\n\t\t\t<a href=\"https:\/\/harrybauer.com\/en\/rueckblick-daf-2025\/\" >\n\t\t\t\tR\u00fcckblick: DAF 2025\t\t\t<\/a>\n\t\t<\/h3>\n\t\t\t\t<\/div>\n\t\t\t\t\t<\/div>\n\t\t<\/article>\n\t\t\t\t<article class=\"elementor-post elementor-grid-item post-3983 post type-post status-publish format-standard has-post-thumbnail hentry category-event\" role=\"listitem\">\n\t\t\t<div class=\"elementor-post__card\">\n\t\t\t\t<a class=\"elementor-post__thumbnail__link\" href=\"https:\/\/harrybauer.com\/en\/save-the-date-discovery-art-fair-frankfurt-2025\/\" tabindex=\"-1\" ><div class=\"elementor-post__thumbnail\"><img loading=\"lazy\" decoding=\"async\" width=\"480\" height=\"480\" src=\"https:\/\/harrybauer.com\/wp-content\/uploads\/2025\/10\/harrybauer-discovery-art-fair-frankfurt-titelbild.png\" class=\"attachment-large size-large wp-image-4234\" alt=\"\" srcset=\"https:\/\/harrybauer.com\/wp-content\/uploads\/2025\/10\/harrybauer-discovery-art-fair-frankfurt-titelbild.png 480w, https:\/\/harrybauer.com\/wp-content\/uploads\/2025\/10\/harrybauer-discovery-art-fair-frankfurt-titelbild-300x300.png 300w, https:\/\/harrybauer.com\/wp-content\/uploads\/2025\/10\/harrybauer-discovery-art-fair-frankfurt-titelbild-150x150.png 150w, https:\/\/harrybauer.com\/wp-content\/uploads\/2025\/10\/harrybauer-discovery-art-fair-frankfurt-titelbild-12x12.png 12w\" sizes=\"(max-width: 480px) 100vw, 480px\" \/><\/div><\/a>\n\t\t\t\t<div class=\"elementor-post__badge\">Event<\/div>\n\t\t\t\t<div class=\"elementor-post__text\">\n\t\t\t\t<h3 class=\"elementor-post__title\">\n\t\t\t<a href=\"https:\/\/harrybauer.com\/en\/save-the-date-discovery-art-fair-frankfurt-2025\/\" >\n\t\t\t\tSave the Date: DISCOVERY ART FAIR FRANKFURT November 2025\t\t\t<\/a>\n\t\t<\/h3>\n\t\t\t\t<\/div>\n\t\t\t\t\t<\/div>\n\t\t<\/article>\n\t\t\t\t<article class=\"elementor-post elementor-grid-item post-3932 post type-post status-publish format-standard has-post-thumbnail hentry category-event\" role=\"listitem\">\n\t\t\t<div class=\"elementor-post__card\">\n\t\t\t\t<a class=\"elementor-post__thumbnail__link\" href=\"https:\/\/harrybauer.com\/en\/rueckblick-meam-barcelona-2025\/\" tabindex=\"-1\" ><div class=\"elementor-post__thumbnail\"><img loading=\"lazy\" decoding=\"async\" width=\"800\" height=\"908\" src=\"https:\/\/harrybauer.com\/wp-content\/uploads\/2025\/10\/harrybauer-deggendorf-kuenstler-meam-barcelona-rueckblick-008.jpg\" class=\"attachment-large size-large wp-image-3949\" alt=\"\" srcset=\"https:\/\/harrybauer.com\/wp-content\/uploads\/2025\/10\/harrybauer-deggendorf-kuenstler-meam-barcelona-rueckblick-008.jpg 881w, https:\/\/harrybauer.com\/wp-content\/uploads\/2025\/10\/harrybauer-deggendorf-kuenstler-meam-barcelona-rueckblick-008-264x300.jpg 264w, https:\/\/harrybauer.com\/wp-content\/uploads\/2025\/10\/harrybauer-deggendorf-kuenstler-meam-barcelona-rueckblick-008-768x872.jpg 768w, https:\/\/harrybauer.com\/wp-content\/uploads\/2025\/10\/harrybauer-deggendorf-kuenstler-meam-barcelona-rueckblick-008-11x12.jpg 11w\" sizes=\"(max-width: 800px) 100vw, 800px\" \/><\/div><\/a>\n\t\t\t\t<div class=\"elementor-post__badge\">Event<\/div>\n\t\t\t\t<div class=\"elementor-post__text\">\n\t\t\t\t<h3 class=\"elementor-post__title\">\n\t\t\t<a href=\"https:\/\/harrybauer.com\/en\/rueckblick-meam-barcelona-2025\/\" >\n\t\t\t\tReview: MEAM Barcelona 2025\t\t\t<\/a>\n\t\t<\/h3>\n\t\t\t\t<\/div>\n\t\t\t\t\t<\/div>\n\t\t<\/article>\n\t\t\t\t<article class=\"elementor-post elementor-grid-item post-3763 post type-post status-publish format-standard has-post-thumbnail hentry category-event\" role=\"listitem\">\n\t\t\t<div class=\"elementor-post__card\">\n\t\t\t\t<a class=\"elementor-post__thumbnail__link\" href=\"https:\/\/harrybauer.com\/en\/rueckblick-art-basel\/\" tabindex=\"-1\" ><div class=\"elementor-post__thumbnail\"><img loading=\"lazy\" decoding=\"async\" width=\"597\" height=\"600\" src=\"https:\/\/harrybauer.com\/wp-content\/uploads\/2025\/07\/harrybauer-deggendorf-kuenstler-art-basel-rueckblick-014-titelbild-e1752565759815.png\" class=\"attachment-large size-large wp-image-3810\" alt=\"\" srcset=\"https:\/\/harrybauer.com\/wp-content\/uploads\/2025\/07\/harrybauer-deggendorf-kuenstler-art-basel-rueckblick-014-titelbild-e1752565759815.png 597w, https:\/\/harrybauer.com\/wp-content\/uploads\/2025\/07\/harrybauer-deggendorf-kuenstler-art-basel-rueckblick-014-titelbild-e1752565759815-150x150.png 150w, https:\/\/harrybauer.com\/wp-content\/uploads\/2025\/07\/harrybauer-deggendorf-kuenstler-art-basel-rueckblick-014-titelbild-e1752565759815-12x12.png 12w\" sizes=\"(max-width: 597px) 100vw, 597px\" \/><\/div><\/a>\n\t\t\t\t<div class=\"elementor-post__badge\">Event<\/div>\n\t\t\t\t<div class=\"elementor-post__text\">\n\t\t\t\t<h3 class=\"elementor-post__title\">\n\t\t\t<a href=\"https:\/\/harrybauer.com\/en\/rueckblick-art-basel\/\" >\n\t\t\t\tR\u00fcckblick: ART BASEL 2025\t\t\t<\/a>\n\t\t<\/h3>\n\t\t\t\t<\/div>\n\t\t\t\t\t<\/div>\n\t\t<\/article>\n\t\t\t\t<article class=\"elementor-post elementor-grid-item post-3543 post type-post status-publish format-standard has-post-thumbnail hentry category-event\" role=\"listitem\">\n\t\t\t<div class=\"elementor-post__card\">\n\t\t\t\t<a class=\"elementor-post__thumbnail__link\" href=\"https:\/\/harrybauer.com\/en\/rueckblick-artmuc-2025\/\" tabindex=\"-1\" ><div class=\"elementor-post__thumbnail\"><img loading=\"lazy\" decoding=\"async\" width=\"768\" height=\"1024\" src=\"https:\/\/harrybauer.com\/wp-content\/uploads\/2025\/05\/harrybauer-artmuc-muenchen-kunstmesse-kuenstler-malerei-deggendorf-011-768x1024.jpg\" class=\"attachment-large size-large wp-image-3584\" alt=\"\" srcset=\"https:\/\/harrybauer.com\/wp-content\/uploads\/2025\/05\/harrybauer-artmuc-muenchen-kunstmesse-kuenstler-malerei-deggendorf-011-768x1024.jpg 768w, https:\/\/harrybauer.com\/wp-content\/uploads\/2025\/05\/harrybauer-artmuc-muenchen-kunstmesse-kuenstler-malerei-deggendorf-011-225x300.jpg 225w, https:\/\/harrybauer.com\/wp-content\/uploads\/2025\/05\/harrybauer-artmuc-muenchen-kunstmesse-kuenstler-malerei-deggendorf-011-9x12.jpg 9w, https:\/\/harrybauer.com\/wp-content\/uploads\/2025\/05\/harrybauer-artmuc-muenchen-kunstmesse-kuenstler-malerei-deggendorf-011.jpg 876w\" sizes=\"(max-width: 768px) 100vw, 768px\" \/><\/div><\/a>\n\t\t\t\t<div class=\"elementor-post__badge\">Event<\/div>\n\t\t\t\t<div class=\"elementor-post__text\">\n\t\t\t\t<h3 class=\"elementor-post__title\">\n\t\t\t<a href=\"https:\/\/harrybauer.com\/en\/rueckblick-artmuc-2025\/\" >\n\t\t\t\tReview: ARTMUC 2025\t\t\t<\/a>\n\t\t<\/h3>\n\t\t\t\t<\/div>\n\t\t\t\t\t<\/div>\n\t\t<\/article>\n\t\t\t\t<article class=\"elementor-post elementor-grid-item post-3110 post type-post status-publish format-standard has-post-thumbnail hentry category-event\" role=\"listitem\">\n\t\t\t<div class=\"elementor-post__card\">\n\t\t\t\t<a class=\"elementor-post__thumbnail__link\" href=\"https:\/\/harrybauer.com\/en\/artmuc-2025-teaser\/\" tabindex=\"-1\" ><div class=\"elementor-post__thumbnail\"><img loading=\"lazy\" decoding=\"async\" width=\"552\" height=\"508\" src=\"https:\/\/harrybauer.com\/wp-content\/uploads\/2025\/02\/artmuc-muenchen-harrybauer.png\" class=\"attachment-large size-large wp-image-3189\" alt=\"Plakat ARTMUC MAI 2025\" srcset=\"https:\/\/harrybauer.com\/wp-content\/uploads\/2025\/02\/artmuc-muenchen-harrybauer.png 552w, https:\/\/harrybauer.com\/wp-content\/uploads\/2025\/02\/artmuc-muenchen-harrybauer-300x276.png 300w, https:\/\/harrybauer.com\/wp-content\/uploads\/2025\/02\/artmuc-muenchen-harrybauer-13x12.png 13w\" sizes=\"(max-width: 552px) 100vw, 552px\" \/><\/div><\/a>\n\t\t\t\t<div class=\"elementor-post__badge\">Event<\/div>\n\t\t\t\t<div class=\"elementor-post__text\">\n\t\t\t\t<h3 class=\"elementor-post__title\">\n\t\t\t<a href=\"https:\/\/harrybauer.com\/en\/artmuc-2025-teaser\/\" >\n\t\t\t\tSave the Date: ARTMUC <br>Mai 2025\t\t\t<\/a>\n\t\t<\/h3>\n\t\t\t\t<\/div>\n\t\t\t\t\t<\/div>\n\t\t<\/article>\n\t\t\t\t<article class=\"elementor-post elementor-grid-item post-3053 post type-post status-publish format-standard has-post-thumbnail hentry category-salonevent\" role=\"listitem\">\n\t\t\t<div class=\"elementor-post__card\">\n\t\t\t\t<a class=\"elementor-post__thumbnail__link\" href=\"https:\/\/harrybauer.com\/en\/herbstsalon-2024\/\" tabindex=\"-1\" ><div class=\"elementor-post__thumbnail\"><img loading=\"lazy\" decoding=\"async\" width=\"800\" height=\"534\" src=\"https:\/\/harrybauer.com\/wp-content\/uploads\/2025\/01\/harry-bauer-deggendorf-herbstsalon-kunst-white-cube-19-1024x683.jpg\" class=\"attachment-large size-large wp-image-2911\" alt=\"Besucher und Besucherinnen beim ersten Herbstsalon der Kunst, organisiert von Harry Bauer.\" srcset=\"https:\/\/harrybauer.com\/wp-content\/uploads\/2025\/01\/harry-bauer-deggendorf-herbstsalon-kunst-white-cube-19-1024x683.jpg 1024w, https:\/\/harrybauer.com\/wp-content\/uploads\/2025\/01\/harry-bauer-deggendorf-herbstsalon-kunst-white-cube-19-300x200.jpg 300w, https:\/\/harrybauer.com\/wp-content\/uploads\/2025\/01\/harry-bauer-deggendorf-herbstsalon-kunst-white-cube-19-768x512.jpg 768w, https:\/\/harrybauer.com\/wp-content\/uploads\/2025\/01\/harry-bauer-deggendorf-herbstsalon-kunst-white-cube-19-1536x1024.jpg 1536w, https:\/\/harrybauer.com\/wp-content\/uploads\/2025\/01\/harry-bauer-deggendorf-herbstsalon-kunst-white-cube-19-18x12.jpg 18w, https:\/\/harrybauer.com\/wp-content\/uploads\/2025\/01\/harry-bauer-deggendorf-herbstsalon-kunst-white-cube-19.jpg 1920w\" sizes=\"(max-width: 800px) 100vw, 800px\" \/><\/div><\/a>\n\t\t\t\t<div class=\"elementor-post__badge\">Salonevent<\/div>\n\t\t\t\t<div class=\"elementor-post__text\">\n\t\t\t\t<h3 class=\"elementor-post__title\">\n\t\t\t<a href=\"https:\/\/harrybauer.com\/en\/herbstsalon-2024\/\" >\n\t\t\t\tHARRY BAUER Fall Salon November 2024\t\t\t<\/a>\n\t\t<\/h3>\n\t\t\t\t<\/div>\n\t\t\t\t\t<\/div>\n\t\t<\/article>\n\t\t\t\t<\/div>\n\t\t\n\t\t\t\t\t\t<\/div>\n\t\t\t\t<\/div>\n\t\t\t\t\t<\/div>\n\t\t\t\t<\/div>\n\t\t<div class=\"elementor-element elementor-element-0736070 e-con-full elementor-hidden-desktop elementor-hidden-tablet elementor-hidden-mobile e-flex e-con e-parent\" data-id=\"0736070\" data-element_type=\"container\" data-e-type=\"container\" data-settings=\"{&quot;background_background&quot;:&quot;classic&quot;}\">\n\t\t<div class=\"elementor-element elementor-element-a037873 e-con-full e-flex e-con e-child\" data-id=\"a037873\" data-element_type=\"container\" data-e-type=\"container\">\n\t\t\t\t<div class=\"elementor-element elementor-element-7314201 elementor-widget elementor-widget-heading\" data-id=\"7314201\" data-element_type=\"widget\" data-e-type=\"widget\" data-widget_type=\"heading.default\">\n\t\t\t\t<div class=\"elementor-widget-container\">\n\t\t\t\t\t<h2 class=\"elementor-heading-title elementor-size-default\">Next Event<\/h2>\t\t\t\t<\/div>\n\t\t\t\t<\/div>\n\t\t\t\t<div class=\"elementor-element elementor-element-1b4ceb5 elementor-widget elementor-widget-text-editor\" data-id=\"1b4ceb5\" data-element_type=\"widget\" data-e-type=\"widget\" data-widget_type=\"text-editor.default\">\n\t\t\t\t<div class=\"elementor-widget-container\">\n\t\t\t\t\t\t\t\t\t<p>Discover my works at ARTMUC - Munich's largest art fair!<\/p><p>Date: May 1 to 4, 2025<\/p>\t\t\t\t\t\t\t\t<\/div>\n\t\t\t\t<\/div>\n\t\t\t\t<div class=\"elementor-element elementor-element-b98cb5d elementor-mobile-align-left elementor-align-left elementor-widget elementor-widget-button\" data-id=\"b98cb5d\" data-element_type=\"widget\" data-e-type=\"widget\" data-widget_type=\"button.default\">\n\t\t\t\t<div class=\"elementor-widget-container\">\n\t\t\t\t\t\t\t\t\t<div class=\"elementor-button-wrapper\">\n\t\t\t\t\t<a class=\"elementor-button elementor-button-link elementor-size-sm elementor-animation-grow\" href=\"https:\/\/harrybauer.com\/en\/artmuc-2025-teaser\/\">\n\t\t\t\t\t\t<span class=\"elementor-button-content-wrapper\">\n\t\t\t\t\t\t\t\t\t<span class=\"elementor-button-text\">Mehr Infos &gt;<\/span>\n\t\t\t\t\t<\/span>\n\t\t\t\t\t<\/a>\n\t\t\t\t<\/div>\n\t\t\t\t\t\t\t\t<\/div>\n\t\t\t\t<\/div>\n\t\t\t\t<\/div>\n\t\t\t\t<div class=\"elementor-element elementor-element-5331295 elementor-widget__width-initial elementor-widget-tablet__width-inherit elementor-widget elementor-widget-image\" data-id=\"5331295\" data-element_type=\"widget\" data-e-type=\"widget\" data-widget_type=\"image.default\">\n\t\t\t\t<div class=\"elementor-widget-container\">\n\t\t\t\t\t\t\t\t\t\t\t\t\t\t\t<img loading=\"lazy\" decoding=\"async\" width=\"800\" height=\"534\" src=\"https:\/\/harrybauer.com\/wp-content\/uploads\/2024\/10\/harry-bauer-malerei-kuenstler-deggendorf-atelier-9545-1024x683.jpg\" class=\"attachment-large size-large wp-image-2334\" alt=\"\" srcset=\"https:\/\/harrybauer.com\/wp-content\/uploads\/2024\/10\/harry-bauer-malerei-kuenstler-deggendorf-atelier-9545-1024x683.jpg 1024w, https:\/\/harrybauer.com\/wp-content\/uploads\/2024\/10\/harry-bauer-malerei-kuenstler-deggendorf-atelier-9545-300x200.jpg 300w, https:\/\/harrybauer.com\/wp-content\/uploads\/2024\/10\/harry-bauer-malerei-kuenstler-deggendorf-atelier-9545-768x512.jpg 768w, https:\/\/harrybauer.com\/wp-content\/uploads\/2024\/10\/harry-bauer-malerei-kuenstler-deggendorf-atelier-9545-1536x1024.jpg 1536w, https:\/\/harrybauer.com\/wp-content\/uploads\/2024\/10\/harry-bauer-malerei-kuenstler-deggendorf-atelier-9545-18x12.jpg 18w, https:\/\/harrybauer.com\/wp-content\/uploads\/2024\/10\/harry-bauer-malerei-kuenstler-deggendorf-atelier-9545.jpg 1950w\" sizes=\"(max-width: 800px) 100vw, 800px\" \/>\t\t\t\t\t\t\t\t\t\t\t\t\t\t\t<\/div>\n\t\t\t\t<\/div>\n\t\t\t\t<\/div>\n\t\t<div class=\"elementor-element elementor-element-32e56e5 e-con-full e-flex e-con e-parent\" data-id=\"32e56e5\" data-element_type=\"container\" data-e-type=\"container\" data-settings=\"{&quot;background_background&quot;:&quot;classic&quot;}\">\n\t\t\t\t<div class=\"elementor-element elementor-element-d04e5e8 elementor-widget elementor-widget-heading\" data-id=\"d04e5e8\" data-element_type=\"widget\" data-e-type=\"widget\" data-widget_type=\"heading.default\">\n\t\t\t\t<div class=\"elementor-widget-container\">\n\t\t\t\t\t<h6 class=\"elementor-heading-title elementor-size-default\">Get inspired<\/h6>\t\t\t\t<\/div>\n\t\t\t\t<\/div>\n\t\t\t\t<div class=\"elementor-element elementor-element-ec79c20 elementor-mobile-align-center elementor-widget elementor-widget-button\" data-id=\"ec79c20\" data-element_type=\"widget\" data-e-type=\"widget\" data-widget_type=\"button.default\">\n\t\t\t\t<div class=\"elementor-widget-container\">\n\t\t\t\t\t\t\t\t\t<div class=\"elementor-button-wrapper\">\n\t\t\t\t\t<a class=\"elementor-button elementor-button-link elementor-size-md elementor-animation-grow\" href=\"https:\/\/harrybauer.com\/en\/galerie\/\">\n\t\t\t\t\t\t<span class=\"elementor-button-content-wrapper\">\n\t\t\t\t\t\t\t\t\t<span class=\"elementor-button-text\">Zur Galerie &gt;<\/span>\n\t\t\t\t\t<\/span>\n\t\t\t\t\t<\/a>\n\t\t\t\t<\/div>\n\t\t\t\t\t\t\t\t<\/div>\n\t\t\t\t<\/div>\n\t\t\t\t<\/div>\n\t\t\t\t<\/div>","protected":false},"excerpt":{"rendered":"<p>News&amp;Events N\u00e4chstes Event Entdecken Sie meine Werke auf der ARTMUC &#8211; M\u00fcnchens gr\u00f6\u00dfter Kunstmesse! Datum: 1. bis 4. Mai 2025 Mehr Infos &gt; Lassen Sie<\/p>","protected":false},"author":1,"featured_media":2906,"parent":0,"menu_order":0,"comment_status":"closed","ping_status":"closed","template":"","meta":{"_seopress_robots_primary_cat":"","_seopress_titles_title":"Harry Bauer Deggendorf | News & Events","_seopress_titles_desc":"Salon-Events und weitere Kunstevents von und mit HARRY BAUER aus Deggendorf.","_seopress_robots_index":"","footnotes":""},"class_list":["post-3052","page","type-page","status-publish","has-post-thumbnail","hentry"],"_links":{"self":[{"href":"https:\/\/harrybauer.com\/en\/wp-json\/wp\/v2\/pages\/3052","targetHints":{"allow":["GET"]}}],"collection":[{"href":"https:\/\/harrybauer.com\/en\/wp-json\/wp\/v2\/pages"}],"about":[{"href":"https:\/\/harrybauer.com\/en\/wp-json\/wp\/v2\/types\/page"}],"author":[{"embeddable":true,"href":"https:\/\/harrybauer.com\/en\/wp-json\/wp\/v2\/users\/1"}],"replies":[{"embeddable":true,"href":"https:\/\/harrybauer.com\/en\/wp-json\/wp\/v2\/comments?post=3052"}],"version-history":[{"count":10,"href":"https:\/\/harrybauer.com\/en\/wp-json\/wp\/v2\/pages\/3052\/revisions"}],"predecessor-version":[{"id":4633,"href":"https:\/\/harrybauer.com\/en\/wp-json\/wp\/v2\/pages\/3052\/revisions\/4633"}],"wp:featuredmedia":[{"embeddable":true,"href":"https:\/\/harrybauer.com\/en\/wp-json\/wp\/v2\/media\/2906"}],"wp:attachment":[{"href":"https:\/\/harrybauer.com\/en\/wp-json\/wp\/v2\/media?parent=3052"}],"curies":[{"name":"wp","href":"https:\/\/api.w.org\/{rel}","templated":true}]}}