{"id":65,"date":"2024-03-03T17:30:15","date_gmt":"2024-03-03T16:30:15","guid":{"rendered":"https:\/\/harrybauer.com\/?page_id=65"},"modified":"2026-03-31T16:28:54","modified_gmt":"2026-03-31T14:28:54","slug":"biografie","status":"publish","type":"page","link":"https:\/\/harrybauer.com\/en\/biografie\/","title":{"rendered":"Biography"},"content":{"rendered":"<div data-elementor-type=\"wp-page\" data-elementor-id=\"65\" class=\"elementor elementor-65\" data-elementor-post-type=\"page\">\n\t\t\t\t<div class=\"elementor-element elementor-element-67b47082 e-con-full e-flex e-con e-parent\" data-id=\"67b47082\" data-element_type=\"container\" data-e-type=\"container\" data-settings=\"{&quot;background_background&quot;:&quot;classic&quot;}\">\n\t\t<div class=\"elementor-element elementor-element-43002a38 e-con-full e-flex e-con e-child\" data-id=\"43002a38\" data-element_type=\"container\" data-e-type=\"container\">\n\t\t\t\t<div class=\"elementor-element elementor-element-928e3c3 elementor-invisible elementor-widget elementor-widget-heading\" data-id=\"928e3c3\" data-element_type=\"widget\" data-e-type=\"widget\" data-settings=\"{&quot;_animation&quot;:&quot;fadeInLeft&quot;}\" data-widget_type=\"heading.default\">\n\t\t\t\t<div class=\"elementor-widget-container\">\n\t\t\t\t\t<h2 class=\"elementor-heading-title elementor-size-default\">Harry Bauer...<\/h2>\t\t\t\t<\/div>\n\t\t\t\t<\/div>\n\t\t\t\t<div class=\"elementor-element elementor-element-77398d78 elementor-widget elementor-widget-text-editor\" data-id=\"77398d78\" data-element_type=\"widget\" data-e-type=\"widget\" data-widget_type=\"text-editor.default\">\n\t\t\t\t<div class=\"elementor-widget-container\">\n\t\t\t\t\t\t\t\t\t<p>October 24, 1947, Deggendorf, Lateinschulgasse, Alte Knabenschule, gymnastics in the Kapuzinerstadl, Festwiesn, Saumarkt in the Pfleggassn,<\/p><p>K\u00f6niglich-Bayerische Oberrealschule, Storm and Stress at Jahnh\u00fcgl, first art feelings with Heinz Mann,<\/p><p>Roaring Sixties, Rolling Stones, Beatles, Woodstock und Vietnam, Abitur am Comenius-Gymnasium,<\/p><p>Military service and studies, editor at the M\u00fcnchner tz and the Passauer Neue Presse,<\/p><p>1990\/91 intensive entry into painting with first solo exhibition - and on and on...<\/p><p><em>hb<\/em><\/p>\t\t\t\t\t\t\t\t<\/div>\n\t\t\t\t<\/div>\n\t\t\t\t<\/div>\n\t\t\t\t<div class=\"elementor-element elementor-element-4bb03d2c elementor-widget__width-initial elementor-widget-tablet__width-inherit elementor-widget elementor-widget-image\" data-id=\"4bb03d2c\" data-element_type=\"widget\" data-e-type=\"widget\" data-widget_type=\"image.default\">\n\t\t\t\t<div class=\"elementor-widget-container\">\n\t\t\t\t\t\t\t\t\t\t\t\t\t\t\t<img fetchpriority=\"high\" decoding=\"async\" width=\"800\" height=\"870\" src=\"https:\/\/harrybauer.com\/wp-content\/uploads\/2024\/03\/harry-bauer-malerei-kuenstler-deggendorf-11-942x1024.jpg\" class=\"attachment-large size-large wp-image-402\" alt=\"Harry Bauer aus Deggendorf, Bayern, ist Maler und K\u00fcnstler aus Leidenschaft.\" srcset=\"https:\/\/harrybauer.com\/wp-content\/uploads\/2024\/03\/harry-bauer-malerei-kuenstler-deggendorf-11-942x1024.jpg 942w, https:\/\/harrybauer.com\/wp-content\/uploads\/2024\/03\/harry-bauer-malerei-kuenstler-deggendorf-11-276x300.jpg 276w, https:\/\/harrybauer.com\/wp-content\/uploads\/2024\/03\/harry-bauer-malerei-kuenstler-deggendorf-11-768x834.jpg 768w, https:\/\/harrybauer.com\/wp-content\/uploads\/2024\/03\/harry-bauer-malerei-kuenstler-deggendorf-11-1414x1536.jpg 1414w, https:\/\/harrybauer.com\/wp-content\/uploads\/2024\/03\/harry-bauer-malerei-kuenstler-deggendorf-11.jpg 1767w\" sizes=\"(max-width: 800px) 100vw, 800px\" \/>\t\t\t\t\t\t\t\t\t\t\t\t\t\t\t<\/div>\n\t\t\t\t<\/div>\n\t\t\t\t<\/div>\n\t\t<div class=\"elementor-element elementor-element-6ce8d0a e-con-full e-flex e-con e-parent\" data-id=\"6ce8d0a\" data-element_type=\"container\" data-e-type=\"container\">\n\t\t\t\t<div class=\"elementor-element elementor-element-2985fc7 elementor-widget elementor-widget-text-editor\" data-id=\"2985fc7\" data-element_type=\"widget\" data-e-type=\"widget\" data-widget_type=\"text-editor.default\">\n\t\t\t\t<div class=\"elementor-widget-container\">\n\t\t\t\t\t\t\t\t\t<p>\"Even this fast-paced, idiosyncratic vita, served up by the artist in pointed catchphrases, reveals that Harry Bauer knows how to handle color and language. He is a painter and at the same time an author and journalist. His passion belongs to both worlds. And his enormous versatility is also evident in his art:<b>:<\/b><\/p>\t\t\t\t\t\t\t\t<\/div>\n\t\t\t\t<\/div>\n\t\t\t\t<\/div>\n\t\t<div class=\"elementor-element elementor-element-bf9b4b6 e-con-full e-flex e-con e-parent\" data-id=\"bf9b4b6\" data-element_type=\"container\" data-e-type=\"container\">\n\t\t\t\t<div class=\"elementor-element elementor-element-a15efa6 elementor-widget__width-initial e-transform elementor-widget-mobile__width-inherit elementor-widget elementor-widget-image\" data-id=\"a15efa6\" data-element_type=\"widget\" data-e-type=\"widget\" data-settings=\"{&quot;_transform_translateX_effect&quot;:{&quot;unit&quot;:&quot;px&quot;,&quot;size&quot;:-30,&quot;sizes&quot;:[]},&quot;_transform_translateY_effect&quot;:{&quot;unit&quot;:&quot;px&quot;,&quot;size&quot;:143,&quot;sizes&quot;:[]},&quot;_transform_translateX_effect_tablet&quot;:{&quot;unit&quot;:&quot;px&quot;,&quot;size&quot;:0,&quot;sizes&quot;:[]},&quot;_transform_translateX_effect_mobile&quot;:{&quot;unit&quot;:&quot;px&quot;,&quot;size&quot;:0,&quot;sizes&quot;:[]},&quot;_transform_translateY_effect_mobile&quot;:{&quot;unit&quot;:&quot;px&quot;,&quot;size&quot;:0,&quot;sizes&quot;:[]},&quot;_transform_translateY_effect_tablet&quot;:{&quot;unit&quot;:&quot;px&quot;,&quot;size&quot;:&quot;&quot;,&quot;sizes&quot;:[]}}\" data-widget_type=\"image.default\">\n\t\t\t\t<div class=\"elementor-widget-container\">\n\t\t\t\t\t\t\t\t\t\t\t\t\t\t\t<img decoding=\"async\" width=\"800\" height=\"534\" src=\"https:\/\/harrybauer.com\/wp-content\/uploads\/2024\/03\/harry-bauer-malerei-kuenstler-deggendorf-Harry-Bauer-IV-druck-50-1-1024x683.jpg\" class=\"attachment-large size-large wp-image-441\" alt=\"Abstrakte Kunst von Maler Harry Bauer aus Niederbayern.\" srcset=\"https:\/\/harrybauer.com\/wp-content\/uploads\/2024\/03\/harry-bauer-malerei-kuenstler-deggendorf-Harry-Bauer-IV-druck-50-1-1024x683.jpg 1024w, https:\/\/harrybauer.com\/wp-content\/uploads\/2024\/03\/harry-bauer-malerei-kuenstler-deggendorf-Harry-Bauer-IV-druck-50-1-300x200.jpg 300w, https:\/\/harrybauer.com\/wp-content\/uploads\/2024\/03\/harry-bauer-malerei-kuenstler-deggendorf-Harry-Bauer-IV-druck-50-1-768x512.jpg 768w, https:\/\/harrybauer.com\/wp-content\/uploads\/2024\/03\/harry-bauer-malerei-kuenstler-deggendorf-Harry-Bauer-IV-druck-50-1-1536x1024.jpg 1536w, https:\/\/harrybauer.com\/wp-content\/uploads\/2024\/03\/harry-bauer-malerei-kuenstler-deggendorf-Harry-Bauer-IV-druck-50-1.jpg 1920w\" sizes=\"(max-width: 800px) 100vw, 800px\" \/>\t\t\t\t\t\t\t\t\t\t\t\t\t\t\t<\/div>\n\t\t\t\t<\/div>\n\t\t\t\t<div class=\"elementor-element elementor-element-2dfe495 elementor-widget__width-initial elementor-widget elementor-widget-text-editor\" data-id=\"2dfe495\" data-element_type=\"widget\" data-e-type=\"widget\" data-widget_type=\"text-editor.default\">\n\t\t\t\t<div class=\"elementor-widget-container\">\n\t\t\t\t\t\t\t\t\t<p>Am 24. Oktober 1947 geboren und aufgewachsen im malerischen Deggendorf, zwischen Donau und Bayerischem Wald und nicht allzu weit von der Weltstadt M\u00fcnchen entfernt, ist Harry Bauer mit seiner bayerischen Heimat eng verwurzelt,\u00a0von hier aus hat sich sein k\u00fcnstlerischer Wirkungskreis weit \u00fcber die Region hinaus entfaltet. Schon fr\u00fch \u00f6ffnet ihm der h\u00f6chst unkonventionelle Kunsterzieher Heinz Mann an der K\u00f6niglich-Bayerischen Oberrealschule (heute Comenius-Gymnasium) die Augen f\u00fcr die Kunst, l\u00e4sst den Sch\u00fcler experimentieren, sch\u00e4rft seine Sinne. Die \u201ewilden 60er Jahre\u201c begleiten die Zeit am Gymnasium. Make Love, Not War: Kulturelle Revolution und Widerstand gegen den Vietnamkrieg sind die pr\u00e4genden Welt-Ereignisse.<\/p>\t\t\t\t\t\t\t\t<\/div>\n\t\t\t\t<\/div>\n\t\t\t\t<div class=\"elementor-element elementor-element-1286301 elementor-widget__width-initial e-transform elementor-widget elementor-widget-image\" data-id=\"1286301\" data-element_type=\"widget\" data-e-type=\"widget\" data-settings=\"{&quot;_transform_translateX_effect&quot;:{&quot;unit&quot;:&quot;px&quot;,&quot;size&quot;:36,&quot;sizes&quot;:[]},&quot;_transform_translateY_effect&quot;:{&quot;unit&quot;:&quot;px&quot;,&quot;size&quot;:-135,&quot;sizes&quot;:[]},&quot;_transform_translateX_effect_tablet&quot;:{&quot;unit&quot;:&quot;px&quot;,&quot;size&quot;:0,&quot;sizes&quot;:[]},&quot;_transform_translateX_effect_mobile&quot;:{&quot;unit&quot;:&quot;px&quot;,&quot;size&quot;:0,&quot;sizes&quot;:[]},&quot;_transform_translateY_effect_mobile&quot;:{&quot;unit&quot;:&quot;px&quot;,&quot;size&quot;:-190,&quot;sizes&quot;:[]},&quot;_transform_translateY_effect_tablet&quot;:{&quot;unit&quot;:&quot;px&quot;,&quot;size&quot;:&quot;&quot;,&quot;sizes&quot;:[]}}\" data-widget_type=\"image.default\">\n\t\t\t\t<div class=\"elementor-widget-container\">\n\t\t\t\t\t\t\t\t\t\t\t\t\t\t\t<img decoding=\"async\" width=\"933\" height=\"1400\" src=\"https:\/\/harrybauer.com\/wp-content\/uploads\/2024\/04\/harry-bauer-malerei-kuenstler-deggendorf-biografie-084.jpg\" class=\"attachment-full size-full wp-image-1885\" alt=\"Harry Bauer aus Deggendorf ist eng mit seiner bayerischen Heimat verwurzelt und Maler und K\u00fcnstler aus Leidenschaft.\" srcset=\"https:\/\/harrybauer.com\/wp-content\/uploads\/2024\/04\/harry-bauer-malerei-kuenstler-deggendorf-biografie-084.jpg 933w, https:\/\/harrybauer.com\/wp-content\/uploads\/2024\/04\/harry-bauer-malerei-kuenstler-deggendorf-biografie-084-200x300.jpg 200w, https:\/\/harrybauer.com\/wp-content\/uploads\/2024\/04\/harry-bauer-malerei-kuenstler-deggendorf-biografie-084-682x1024.jpg 682w, https:\/\/harrybauer.com\/wp-content\/uploads\/2024\/04\/harry-bauer-malerei-kuenstler-deggendorf-biografie-084-768x1152.jpg 768w, https:\/\/harrybauer.com\/wp-content\/uploads\/2024\/04\/harry-bauer-malerei-kuenstler-deggendorf-biografie-084-8x12.jpg 8w\" sizes=\"(max-width: 933px) 100vw, 933px\" \/>\t\t\t\t\t\t\t\t\t\t\t\t\t\t\t<\/div>\n\t\t\t\t<\/div>\n\t\t\t\t<\/div>\n\t\t<div class=\"elementor-element elementor-element-cc7432f e-flex e-con-boxed e-con e-parent\" data-id=\"cc7432f\" data-element_type=\"container\" data-e-type=\"container\">\n\t\t\t\t\t<div class=\"e-con-inner\">\n\t\t\t\t<div class=\"elementor-element elementor-element-5b17ef5 elementor-widget__width-initial elementor-widget elementor-widget-text-editor\" data-id=\"5b17ef5\" data-element_type=\"widget\" data-e-type=\"widget\" data-widget_type=\"text-editor.default\">\n\t\t\t\t<div class=\"elementor-widget-container\">\n\t\t\t\t\t\t\t\t\t<p class=\"translation-block\">A-levels, military service and then, against the advice of his art teacher (at the art academy!), law studies. Fortunately, he turned his back on sober and completely unartistic jurisprudence and became an editor at tz Munich. As a \"subtle master of the word, with an overview and insight, with wit and irony and a sense for topics that are human and interesting\" (Dr  Stefan Rammer), he soon embarked on a promising career in Munich.<\/p>\t\t\t\t\t\t\t\t<\/div>\n\t\t\t\t<\/div>\n\t\t\t\t\t<\/div>\n\t\t\t\t<\/div>\n\t\t<div class=\"elementor-element elementor-element-3ae7802 e-con-full e-flex e-con e-parent\" data-id=\"3ae7802\" data-element_type=\"container\" data-e-type=\"container\">\n\t\t\t\t<div class=\"elementor-element elementor-element-79b1fe2 elementor-widget__width-initial elementor-widget elementor-widget-text-editor\" data-id=\"79b1fe2\" data-element_type=\"widget\" data-e-type=\"widget\" data-widget_type=\"text-editor.default\">\n\t\t\t\t<div class=\"elementor-widget-container\">\n\t\t\t\t\t\t\t\t\t<p>But then the Passauer Neue Presse, now Mediengruppe Bayern, lured him back home, first to Deggendorf, then to Passau as head of department. And that's when his artistic creativity and passion for art, which had been pushed into the background for a while, finally broke through. \"As if struck by lightning out of the blue\", Harry Bauer rediscovers painting, and this passion is unbroken. From then on, he was passionate about both language and painting. It offers him possibilities where words are limited. This was the definitive beginning of his intensive immersion in painting, visible at the invitation of the abbot in the large solo exhibition in the cloister of the Benedictine Abbey of Metten (2000).<\/p><p>For over thirty years, Harry Bauer and the renowned Deggendorf artists' group have turned the city of Deggendorf upside down and left their mark. His pictures can be found in the town hall, the district administration office, the hospital, the savings bank, social institutions, business premises, surgeries and of course in private collections - and always in prominent places.\"<\/p><p><em>Dr. Elisabeth Fink<\/em><\/p>\t\t\t\t\t\t\t\t<\/div>\n\t\t\t\t<\/div>\n\t\t\t\t<div class=\"elementor-element elementor-element-e25e1ac elementor-widget__width-initial elementor-widget elementor-widget-image\" data-id=\"e25e1ac\" data-element_type=\"widget\" data-e-type=\"widget\" data-widget_type=\"image.default\">\n\t\t\t\t<div class=\"elementor-widget-container\">\n\t\t\t\t\t\t\t\t\t\t\t\t\t\t\t<img loading=\"lazy\" decoding=\"async\" width=\"1280\" height=\"1920\" src=\"https:\/\/harrybauer.com\/wp-content\/uploads\/2024\/03\/harry-bauer-malerei-kuenstler-deggendorf-56.jpg\" class=\"attachment-full size-full wp-image-428\" alt=\"Moderne Malerei von K\u00fcnstler Harry Bauer aus Deggendorf.\" srcset=\"https:\/\/harrybauer.com\/wp-content\/uploads\/2024\/03\/harry-bauer-malerei-kuenstler-deggendorf-56.jpg 1280w, https:\/\/harrybauer.com\/wp-content\/uploads\/2024\/03\/harry-bauer-malerei-kuenstler-deggendorf-56-200x300.jpg 200w, https:\/\/harrybauer.com\/wp-content\/uploads\/2024\/03\/harry-bauer-malerei-kuenstler-deggendorf-56-683x1024.jpg 683w, https:\/\/harrybauer.com\/wp-content\/uploads\/2024\/03\/harry-bauer-malerei-kuenstler-deggendorf-56-768x1152.jpg 768w, https:\/\/harrybauer.com\/wp-content\/uploads\/2024\/03\/harry-bauer-malerei-kuenstler-deggendorf-56-1024x1536.jpg 1024w\" sizes=\"(max-width: 1280px) 100vw, 1280px\" \/>\t\t\t\t\t\t\t\t\t\t\t\t\t\t\t<\/div>\n\t\t\t\t<\/div>\n\t\t\t\t<\/div>\n\t\t<div class=\"elementor-element elementor-element-b1f58a6 e-con-full e-flex e-con e-parent\" data-id=\"b1f58a6\" data-element_type=\"container\" data-e-type=\"container\">\n\t\t\t\t<div class=\"elementor-element elementor-element-bd19577 elementor-widget elementor-widget-text-editor\" data-id=\"bd19577\" data-element_type=\"widget\" data-e-type=\"widget\" data-widget_type=\"text-editor.default\">\n\t\t\t\t<div class=\"elementor-widget-container\">\n\t\t\t\t\t\t\t\t\t<p>\"Harry Bauer didn't go to art school. He attended the academy of life. His eyes showed him the way and his hands guided him, the school of seeing worked without a teacher.\"<\/p><p><em>Dr. Stefan Rammer, 2013<\/em><\/p>\t\t\t\t\t\t\t\t<\/div>\n\t\t\t\t<\/div>\n\t\t\t\t<\/div>\n\t\t<div class=\"elementor-element elementor-element-6143c47 e-con-full e-flex e-con e-parent\" data-id=\"6143c47\" data-element_type=\"container\" data-e-type=\"container\" data-settings=\"{&quot;background_background&quot;:&quot;classic&quot;}\">\n\t\t\t\t<\/div>\n\t\t<div class=\"elementor-element elementor-element-adcfd07 e-flex e-con-boxed e-con e-parent\" data-id=\"adcfd07\" data-element_type=\"container\" data-e-type=\"container\">\n\t\t\t\t\t<div class=\"e-con-inner\">\n\t\t<div class=\"elementor-element elementor-element-4337726 e-con-full e-flex e-con e-child\" data-id=\"4337726\" data-element_type=\"container\" data-e-type=\"container\">\n\t\t\t\t<div class=\"elementor-element elementor-element-6f5c1ed elementor-widget elementor-widget-heading\" data-id=\"6f5c1ed\" data-element_type=\"widget\" data-e-type=\"widget\" data-widget_type=\"heading.default\">\n\t\t\t\t<div class=\"elementor-widget-container\">\n\t\t\t\t\t<h4 class=\"elementor-heading-title elementor-size-default\">Einzel-ausstellungen\n(Auswahl)<\/h4>\t\t\t\t<\/div>\n\t\t\t\t<\/div>\n\t\t\t\t<\/div>\n\t\t<div class=\"elementor-element elementor-element-a56a30f e-con-full e-flex e-con e-child\" data-id=\"a56a30f\" data-element_type=\"container\" data-e-type=\"container\">\n\t\t\t\t<div class=\"elementor-element elementor-element-80784eb elementor-widget elementor-widget-text-editor\" data-id=\"80784eb\" data-element_type=\"widget\" data-e-type=\"widget\" data-widget_type=\"text-editor.default\">\n\t\t\t\t<div class=\"elementor-widget-container\">\n\t\t\t\t\t\t\t\t\t<p><a href=\"https:\/\/www.contemporary-art-collectors.com\/interviews\/harry-bauer\" target=\"_blank\" rel=\"noopener\"><span style=\"text-decoration: underline;\">Interview<\/span> Harry Bauer, Contemporary Art Collectors<\/a><\/p><p><span style=\"text-decoration: underline;\"><a href=\"https:\/\/harrybauer.com\/en\/rueckblick-daf-2025\/\">discovery art fair. Frankfurt<\/a><\/span> 06. &#8211; 09. November 2025<\/p><p>ARTBOX.PROJECT Z\u00fcrich 7.0 vom 20. &#8211; 24.8.2025, digitale Pr\u00e4sentation von neun jurierten Werken<\/p><p><span style=\"text-decoration: underline;\"><a href=\"https:\/\/harrybauer.com\/en\/rueckblick-artmuc-2025\/\">ARTMUC<\/a><\/span><a href=\"https:\/\/harrybauer.com\/en\/rueckblick-artmuc-2025\/\"> 01. &#8211; 04. Mai 2025<\/a>, MTC Locations, M\u00fcnchen<\/p><p><span style=\"text-decoration: underline;\"><a href=\"https:\/\/harrybauer.com\/en\/atelier\/#herbstsalon\">Erster Herbstsalon<\/a><\/span> Harry Bauer im White Cube, Privathaus des K\u00fcnstlers, 29. November 2024<\/p><p>Kunst und Kirche, St. Erasmus, Deggendorf, 2023<\/p><p>quer_schnitt, Deggendorf, Palais im Stadtpark, 2013<\/p><p>HB050612, Spital Hengersberg, 2012<\/p><p>Mensch im Kreuz, Kloster Metten, 2000<\/p><p>solo impresiones, Benissa, Costa Blanca, Spanien, 1998<\/p><p>Harry Bauer 95 &#8211; 96, Stadtmuseum Deggendorf, 1997<\/p><p>Netzwerk, Volkshochschule Deggendorf, 1992<\/p>\t\t\t\t\t\t\t\t<\/div>\n\t\t\t\t<\/div>\n\t\t\t\t<\/div>\n\t\t\t\t\t<\/div>\n\t\t\t\t<\/div>\n\t\t<div class=\"elementor-element elementor-element-8846df7 e-flex e-con-boxed e-con e-parent\" data-id=\"8846df7\" data-element_type=\"container\" data-e-type=\"container\">\n\t\t\t\t\t<div class=\"e-con-inner\">\n\t\t\t\t<div class=\"elementor-element elementor-element-1a4627a elementor-widget-divider--view-line elementor-widget elementor-widget-divider\" data-id=\"1a4627a\" data-element_type=\"widget\" data-e-type=\"widget\" data-widget_type=\"divider.default\">\n\t\t\t\t<div class=\"elementor-widget-container\">\n\t\t\t\t\t\t\t<div class=\"elementor-divider\">\n\t\t\t<span class=\"elementor-divider-separator\">\n\t\t\t\t\t\t<\/span>\n\t\t<\/div>\n\t\t\t\t\t\t<\/div>\n\t\t\t\t<\/div>\n\t\t\t\t\t<\/div>\n\t\t\t\t<\/div>\n\t\t<div class=\"elementor-element elementor-element-eb9d5e8 e-flex e-con-boxed e-con e-parent\" data-id=\"eb9d5e8\" data-element_type=\"container\" data-e-type=\"container\">\n\t\t\t\t\t<div class=\"e-con-inner\">\n\t\t<div class=\"elementor-element elementor-element-5623dca e-con-full e-flex e-con e-child\" data-id=\"5623dca\" data-element_type=\"container\" data-e-type=\"container\">\n\t\t\t\t<div class=\"elementor-element elementor-element-634113d elementor-widget elementor-widget-heading\" data-id=\"634113d\" data-element_type=\"widget\" data-e-type=\"widget\" data-widget_type=\"heading.default\">\n\t\t\t\t<div class=\"elementor-widget-container\">\n\t\t\t\t\t<h4 class=\"elementor-heading-title elementor-size-default\">Group exhibitions (selection)<\/h4>\t\t\t\t<\/div>\n\t\t\t\t<\/div>\n\t\t\t\t<\/div>\n\t\t<div class=\"elementor-element elementor-element-1347a5a e-con-full e-flex e-con e-child\" data-id=\"1347a5a\" data-element_type=\"container\" data-e-type=\"container\">\n\t\t\t\t<div class=\"elementor-element elementor-element-1f932de elementor-widget elementor-widget-text-editor\" data-id=\"1f932de\" data-element_type=\"widget\" data-e-type=\"widget\" data-widget_type=\"text-editor.default\">\n\t\t\t\t<div class=\"elementor-widget-container\">\n\t\t\t\t\t\t\t\t\t<p>Jahresausstellung<br \/>Kunstverein Deggendorf 2025<\/p><p>&#8222;Little Treasures&#8220; 2025, Internationale Kunstausstellung mit Quadraten im Mini-Format 20 x 20 cm, Galleria d&#8217;Arte De Marchi, Bologna<\/p><p>Exhibition \u201cInterconnecting Lines,\u201d Artio Gallery (Bisa Bennett), MEAM, Museu Europeu d'Art Modern, Barcelona, September 2025<\/p><p>Fr\u00fchjahrsausstellung Kunstverein Deggendorf 2025<\/p><p>Ausstellung anl\u00e4sslich der Aufl\u00f6sung der Deggendorfer K\u00fcnstlergruppe 2016<\/p><p>Jahresausstellungen der Deggendorfer K\u00fcnstlergruppe ab 1998 bis 2016<\/p><p>Kulturmodell Passau, 1999 \u2013 2006<\/p><p>Ausstellungen im Atrium der Passauer Neuen Presse im Rahmen der Veranstaltungsreihe Menschen im Europa von 1996 bis 2005<\/p><p>Alle unter einem Dach, Spital Hengersberg, 2005<\/p><p>Kunstausstellung Stadt K\u00f6tzting, 2002, 2004, 2005<\/p><p>Aspekte des Lebens, Spital Hengersberg, 2002<\/p><p>Auferstehung, spectrum Kirche, Winzer, Passau, Freising und andere, 2001<\/p><p>Donau, Kapuzinerstadl Deggendorf, Salzstadel Straubing und andere, 1999\/2000<\/p><p>Malerei, Plastik, Objekt, Weytterturm, Straubing, 2000<\/p>\t\t\t\t\t\t\t\t<\/div>\n\t\t\t\t<\/div>\n\t\t\t\t<\/div>\n\t\t\t\t\t<\/div>\n\t\t\t\t<\/div>\n\t\t<div class=\"elementor-element elementor-element-1bf4f8e e-flex e-con-boxed e-con e-parent\" data-id=\"1bf4f8e\" data-element_type=\"container\" data-e-type=\"container\">\n\t\t\t\t\t<div class=\"e-con-inner\">\n\t\t\t\t<div class=\"elementor-element elementor-element-0409a5c elementor-widget-divider--view-line elementor-widget elementor-widget-divider\" data-id=\"0409a5c\" data-element_type=\"widget\" data-e-type=\"widget\" data-widget_type=\"divider.default\">\n\t\t\t\t<div class=\"elementor-widget-container\">\n\t\t\t\t\t\t\t<div class=\"elementor-divider\">\n\t\t\t<span class=\"elementor-divider-separator\">\n\t\t\t\t\t\t<\/span>\n\t\t<\/div>\n\t\t\t\t\t\t<\/div>\n\t\t\t\t<\/div>\n\t\t\t\t\t<\/div>\n\t\t\t\t<\/div>\n\t\t<div class=\"elementor-element elementor-element-16879ef e-flex e-con-boxed e-con e-parent\" data-id=\"16879ef\" data-element_type=\"container\" data-e-type=\"container\">\n\t\t\t\t\t<div class=\"e-con-inner\">\n\t\t<div class=\"elementor-element elementor-element-ac1c193 e-con-full e-flex e-con e-child\" data-id=\"ac1c193\" data-element_type=\"container\" data-e-type=\"container\">\n\t\t\t\t<div class=\"elementor-element elementor-element-2120c93 elementor-widget elementor-widget-heading\" data-id=\"2120c93\" data-element_type=\"widget\" data-e-type=\"widget\" data-widget_type=\"heading.default\">\n\t\t\t\t<div class=\"elementor-widget-container\">\n\t\t\t\t\t<h4 class=\"elementor-heading-title elementor-size-default\">Purchases and commissions (selection)<\/h4>\t\t\t\t<\/div>\n\t\t\t\t<\/div>\n\t\t\t\t<\/div>\n\t\t<div class=\"elementor-element elementor-element-cc5a8a0 e-con-full e-flex e-con e-child\" data-id=\"cc5a8a0\" data-element_type=\"container\" data-e-type=\"container\">\n\t\t\t\t<div class=\"elementor-element elementor-element-f263d5e elementor-widget elementor-widget-text-editor\" data-id=\"f263d5e\" data-element_type=\"widget\" data-e-type=\"widget\" data-widget_type=\"text-editor.default\">\n\t\t\t\t<div class=\"elementor-widget-container\">\n\t\t\t\t\t\t\t\t\t<p>Stadt Deggendorf<\/p><p>Landkreis Deggendorf<\/p><p>Klinikum Deggendorf<\/p><p>Vinzenzheim Deggendorf<\/p><p>Technische Hochschule Deggendorf<\/p><p>Sparkasse Deggendorf<\/p><p>Erl Unternehmensgruppe Deggendorf und M\u00fcnchen<\/p><p>Ausgestaltung MVZ IsarPark Plattling<\/p><p>Apothekenfirma<\/p><p>Arztpraxen<\/p><p>Straubing K\u00f6nigshof<\/p><p>Regensburg K\u00f6nigshof<\/p><p>Passauer Neue Presse (Mediengruppe Bayern)<\/p><p>Private Sammlungen<\/p>\t\t\t\t\t\t\t\t<\/div>\n\t\t\t\t<\/div>\n\t\t\t\t<\/div>\n\t\t\t\t\t<\/div>\n\t\t\t\t<\/div>\n\t\t<div class=\"elementor-element elementor-element-beac7ad e-con-full e-flex e-con e-parent\" data-id=\"beac7ad\" data-element_type=\"container\" data-e-type=\"container\" data-settings=\"{&quot;background_background&quot;:&quot;classic&quot;}\">\n\t\t\t\t<div class=\"elementor-element elementor-element-b77e3a6 elementor-widget elementor-widget-heading\" data-id=\"b77e3a6\" data-element_type=\"widget\" data-e-type=\"widget\" data-widget_type=\"heading.default\">\n\t\t\t\t<div class=\"elementor-widget-container\">\n\t\t\t\t\t<h6 class=\"elementor-heading-title elementor-size-default\">Get inspired<\/h6>\t\t\t\t<\/div>\n\t\t\t\t<\/div>\n\t\t\t\t<div class=\"elementor-element elementor-element-a28b243 elementor-mobile-align-center elementor-widget elementor-widget-button\" data-id=\"a28b243\" data-element_type=\"widget\" data-e-type=\"widget\" data-widget_type=\"button.default\">\n\t\t\t\t<div class=\"elementor-widget-container\">\n\t\t\t\t\t\t\t\t\t<div class=\"elementor-button-wrapper\">\n\t\t\t\t\t<a class=\"elementor-button elementor-button-link elementor-size-md elementor-animation-grow\" href=\"https:\/\/harrybauer.com\/en\/galerie\/\">\n\t\t\t\t\t\t<span class=\"elementor-button-content-wrapper\">\n\t\t\t\t\t\t\t\t\t<span class=\"elementor-button-text\">Zur Galerie &gt;<\/span>\n\t\t\t\t\t<\/span>\n\t\t\t\t\t<\/a>\n\t\t\t\t<\/div>\n\t\t\t\t\t\t\t\t<\/div>\n\t\t\t\t<\/div>\n\t\t\t\t<\/div>\n\t\t\t\t<\/div>","protected":false},"excerpt":{"rendered":"<p>Harry Bauer&#8230; 24. Oktober 1947, Deggendorf, Lateinschulgasse, Alte Knabenschule, Turnen im Kapuzinerstadl, Festwiesn, Saumarkt in der Pfleggassn, K\u00f6niglich-Bayerische Oberrealschule, Sturm und Drang aufm Jahnh\u00fcgl, erste Kunst-Feelings bei Heinz Mann, Roaring Sixties, Rolling Stones, Beatles, Woodstock und Vietnam, Abitur am Comenius-Gymnasium, Bundeswehr und Studium, Redakteur bei der M\u00fcnchner tz und bei der Passauer Neuen Presse, 1990\/91 [&hellip;]<\/p>\n","protected":false},"author":1,"featured_media":402,"parent":0,"menu_order":0,"comment_status":"closed","ping_status":"closed","template":"","meta":{"_seopress_robots_primary_cat":"","_seopress_titles_title":"Harry Bauer Deggendorf | Biografie","_seopress_titles_desc":"Maler. Autor. Journalist. HARRY BAUER aus Deggendorf.","_seopress_robots_index":"","footnotes":""},"class_list":["post-65","page","type-page","status-publish","has-post-thumbnail","hentry"],"_links":{"self":[{"href":"https:\/\/harrybauer.com\/en\/wp-json\/wp\/v2\/pages\/65","targetHints":{"allow":["GET"]}}],"collection":[{"href":"https:\/\/harrybauer.com\/en\/wp-json\/wp\/v2\/pages"}],"about":[{"href":"https:\/\/harrybauer.com\/en\/wp-json\/wp\/v2\/types\/page"}],"author":[{"embeddable":true,"href":"https:\/\/harrybauer.com\/en\/wp-json\/wp\/v2\/users\/1"}],"replies":[{"embeddable":true,"href":"https:\/\/harrybauer.com\/en\/wp-json\/wp\/v2\/comments?post=65"}],"version-history":[{"count":10,"href":"https:\/\/harrybauer.com\/en\/wp-json\/wp\/v2\/pages\/65\/revisions"}],"predecessor-version":[{"id":4903,"href":"https:\/\/harrybauer.com\/en\/wp-json\/wp\/v2\/pages\/65\/revisions\/4903"}],"wp:featuredmedia":[{"embeddable":true,"href":"https:\/\/harrybauer.com\/en\/wp-json\/wp\/v2\/media\/402"}],"wp:attachment":[{"href":"https:\/\/harrybauer.com\/en\/wp-json\/wp\/v2\/media?parent=65"}],"curies":[{"name":"wp","href":"https:\/\/api.w.org\/{rel}","templated":true}]}}